{"id":10,"date":"2011-02-23T23:56:33","date_gmt":"2011-02-23T23:56:33","guid":{"rendered":"http:\/\/www.pferdepraxis-niemendal.de\/wordpress\/?page_id=10"},"modified":"2023-01-29T18:31:41","modified_gmt":"2023-01-29T18:31:41","slug":"zur-person","status":"publish","type":"page","link":"https:\/\/www.pferdepraxis-niemendal.de\/?page_id=10","title":{"rendered":"Dr. med .vet. Rutmer Niemendal"},"content":{"rendered":"<p>&nbsp;<\/p>\n<p>Aufgewachsen ist Dr. Niemendal in Sneek (Niederlande), wo er im Jahr 1994 das Gymnasium mit dem Abitur beendete. Anschlie\u00dfend studierte er 2 Jahre Zootechnik an der landwirtschaftlichen Universit\u00e4t Wageningen (Niederlande). 1996 begann er das Studium der Veterin\u00e4rmedizin an der Universit\u00e4t Gent (Belgien). Nach sechs Jahren schloss er das Studium mit einer Diplomarbeit \u00fcber die Behandlung des Hornhaut-Geschw\u00fcrs beim Pferd ab. Diese Arbeit wurde mit dem Preis der Gesellschaft Belgian Equine Practitioners Society als beste Studie \u00fcber ein pferdemedizinisches Thema im Jahr 2001\/2002 ausgezeichnet. Schon w\u00e4hrend des Studiums absolvierte Dr. Niemendal mehrere Praktika auf dem Gest\u00fct Schockem\u00f6hle\/M\u00fchlen und in der dort ans\u00e4ssigen Pferdeklinik. Zudem arbeitete er regelm\u00e4\u00dfig in einem gro\u00dfen\u00a0Reitstall und Gest\u00fct\u00a0auf der Insel Ameland.<\/p>\n<p>Im Juli 2002 trat er eine Stelle als Assistenztierarzt in der tier\u00e4rztlichen Klinik f\u00fcr Pferde\/Select Breeder Services in L\u00fcsche (Deutschland) an.\u00a0Dort absolvierte er zeitgleich einen Teil seiner Weiterbildung zum Fachtierarzt f\u00fcr Pferde. In dieser Periode arbeitete er auch als Praxisvertreter in\u00a0der allgemeinen Tierarztpraxis De Boer\u00a0in Leeuwarden (Niederlande). Neben seiner T\u00e4tigkeit in der Praxis schrieb er von 2006 bis 2009 seine Doktorarbeit an der tier\u00e4rztlichen Hochschule Hannover \u00fcber das Vorkommen von Blutparasiten beim Pferd. Die Arbeit wurde cum laude abgeschlossen und f\u00fchrte zu einer Ver\u00f6ffentlichung in der Fachzeitung Pferdeheilkunde. Von August 2006 bis April 2007 war er angestellter Tierarzt in der Arabergest\u00fct\/Tierpark Str\u00f6hen. Ab Mai 2007 hatte Dr. Niemendal eine Stelle als Assistenztierarzt bei Dr. Carsten Rhode in der Pferdeklinik am Kottenforst in Bonn Wachtberg inne, wo er den letzten Teil seiner Weiterbildungszeit abschlie\u00dfen konnte. Seit Dezember 2008 war er als Pferdetierarzt in der Au\u00dfenpraxis\u00a0einer Tierarztpraxis in D\u00fcren\/Merzenich t\u00e4tig.<\/p>\n<p>Die Spezialgebiete von Dr. Niemendal liegen im Bereich der Orthop\u00e4die, der Podiatrie, der Zahnheilkunde, der Inneren Medizin und der Gyn\u00e4kologie des Pferdes. Aus der langj\u00e4hrigen intensiven Berufserfahrung in der Pferdemedizin entstand der Wunsch zur Gr\u00fcndung der eigenen mobilen Fahrpraxis. Im Juni 2011\u00a0wurde Dr. Niemendal nach Pr\u00fcfung durch die Tier\u00e4rztekammer der Titel &#8222;Fachtierarzt f\u00fcr Pferde&#8220; verliehen. Dr. Niemendal ist Mitglied der Akademie f\u00fcr Tier\u00e4rztliche Fortbildung und der Gesellschaft f\u00fcr Pferdemedizin.<\/p>\n","protected":false},"excerpt":{"rendered":"<p>&nbsp; Aufgewachsen ist Dr. Niemendal in Sneek (Niederlande), wo er im Jahr 1994 das Gymnasium mit dem Abitur beendete. Anschlie\u00dfend studierte er 2 Jahre Zootechnik an der landwirtschaftlichen Universit\u00e4t Wageningen (Niederlande). 1996 begann er das Studium der Veterin\u00e4rmedizin an der &hellip; <a href=\"https:\/\/www.pferdepraxis-niemendal.de\/?page_id=10\">Continue reading <span class=\"meta-nav\">&rarr;<\/span><\/a><\/p>\n","protected":false},"author":1,"featured_media":502,"parent":554,"menu_order":0,"comment_status":"open","ping_status":"closed","template":"","meta":[],"_links":{"self":[{"href":"https:\/\/www.pferdepraxis-niemendal.de\/index.php?rest_route=\/wp\/v2\/pages\/10"}],"collection":[{"href":"https:\/\/www.pferdepraxis-niemendal.de\/index.php?rest_route=\/wp\/v2\/pages"}],"about":[{"href":"https:\/\/www.pferdepraxis-niemendal.de\/index.php?rest_route=\/wp\/v2\/types\/page"}],"author":[{"embeddable":true,"href":"https:\/\/www.pferdepraxis-niemendal.de\/index.php?rest_route=\/wp\/v2\/users\/1"}],"replies":[{"embeddable":true,"href":"https:\/\/www.pferdepraxis-niemendal.de\/index.php?rest_route=%2Fwp%2Fv2%2Fcomments&post=10"}],"version-history":[{"count":22,"href":"https:\/\/www.pferdepraxis-niemendal.de\/index.php?rest_route=\/wp\/v2\/pages\/10\/revisions"}],"predecessor-version":[{"id":980,"href":"https:\/\/www.pferdepraxis-niemendal.de\/index.php?rest_route=\/wp\/v2\/pages\/10\/revisions\/980"}],"up":[{"embeddable":true,"href":"https:\/\/www.pferdepraxis-niemendal.de\/index.php?rest_route=\/wp\/v2\/pages\/554"}],"wp:featuredmedia":[{"embeddable":true,"href":"https:\/\/www.pferdepraxis-niemendal.de\/index.php?rest_route=\/wp\/v2\/media\/502"}],"wp:attachment":[{"href":"https:\/\/www.pferdepraxis-niemendal.de\/index.php?rest_route=%2Fwp%2Fv2%2Fmedia&parent=10"}],"curies":[{"name":"wp","href":"https:\/\/api.w.org\/{rel}","templated":true}]}}