{"id":101,"date":"2011-02-28T11:27:27","date_gmt":"2011-02-28T11:27:27","guid":{"rendered":"http:\/\/www.pferdepraxis-niemendal.de\/wordpress\/?page_id=101"},"modified":"2011-03-27T11:00:38","modified_gmt":"2011-03-27T11:00:38","slug":"links","status":"publish","type":"page","link":"https:\/\/www.pferdepraxis-niemendal.de\/?page_id=101","title":{"rendered":"Links"},"content":{"rendered":"<div><cite><\/cite><\/div>\n<table class=\"links\" cellspacing=\"0\" cellpadding=\"0\">\n<tbody>\n<tr>\n<td class=\"firstcol\"><strong>Akademie f\u00fcr tier\u00e4rztliche<br \/>\nFortbildung<\/strong><\/td>\n<td>Franz\u00f6sische Strasse 53<br \/>\n10117 Berlin<br \/>\n<a href=\"http:\/\/www.bundestieraerztekammer.de\/atf\/portrait\/struktur\/index.htm\" target=\"_blank\">Homepage<\/a><\/td>\n<\/tr>\n<tr>\n<td class=\"firstcol\"><strong>Gesellschaft f\u00fcr Pferdemedizin e.V. <\/strong><\/td>\n<td>Hohle Eiche 31<br \/>\nD-44210 Dortmund<br \/>\n<a href=\"http:\/\/www.g-p-m.org\/public\/wirueberuns.shtml\" target=\"_blank\">Homepage<\/a><\/td>\n<\/tr>\n<tr>\n<td class=\"firstcol\"><strong>Atelier Jan K\u00fcnster<\/strong><\/td>\n<td>Gudenauer Weg 75<br \/>\n53127 Bonn<br \/>\n<a href=\"http:\/\/www.jan-kuenster.com\/index.php?language=de&amp;cPath=1\" target=\"_blank\">Homepage<\/a><\/td>\n<\/tr>\n<tr>\n<td class=\"firstcol\"><strong>\u00a0<\/strong><strong>Andreas Stubbe Fotografie<br \/>\n\u00a0<\/strong><strong>\u00a0<\/strong><\/td>\n<td>Nettesheimstr. 33<br \/>\n47638 Straelen<br \/>\n<a href=\"http:\/\/www.stuzzert.blogspot.com\" target=\"_blank\">Homepage<\/a><\/td>\n<\/tr>\n<\/tbody>\n<\/table>\n","protected":false},"excerpt":{"rendered":"<p>Akademie f\u00fcr tier\u00e4rztliche Fortbildung Franz\u00f6sische Strasse 53 10117 Berlin Homepage Gesellschaft f\u00fcr Pferdemedizin e.V. Hohle Eiche 31 D-44210 Dortmund Homepage Atelier Jan K\u00fcnster Gudenauer Weg 75 53127 Bonn Homepage \u00a0Andreas Stubbe Fotografie \u00a0\u00a0 Nettesheimstr. 33 47638 Straelen Homepage<\/p>\n","protected":false},"author":1,"featured_media":0,"parent":0,"menu_order":100,"comment_status":"open","ping_status":"open","template":"","meta":[],"_links":{"self":[{"href":"https:\/\/www.pferdepraxis-niemendal.de\/index.php?rest_route=\/wp\/v2\/pages\/101"}],"collection":[{"href":"https:\/\/www.pferdepraxis-niemendal.de\/index.php?rest_route=\/wp\/v2\/pages"}],"about":[{"href":"https:\/\/www.pferdepraxis-niemendal.de\/index.php?rest_route=\/wp\/v2\/types\/page"}],"author":[{"embeddable":true,"href":"https:\/\/www.pferdepraxis-niemendal.de\/index.php?rest_route=\/wp\/v2\/users\/1"}],"replies":[{"embeddable":true,"href":"https:\/\/www.pferdepraxis-niemendal.de\/index.php?rest_route=%2Fwp%2Fv2%2Fcomments&post=101"}],"version-history":[{"count":19,"href":"https:\/\/www.pferdepraxis-niemendal.de\/index.php?rest_route=\/wp\/v2\/pages\/101\/revisions"}],"predecessor-version":[{"id":673,"href":"https:\/\/www.pferdepraxis-niemendal.de\/index.php?rest_route=\/wp\/v2\/pages\/101\/revisions\/673"}],"wp:attachment":[{"href":"https:\/\/www.pferdepraxis-niemendal.de\/index.php?rest_route=%2Fwp%2Fv2%2Fmedia&parent=101"}],"curies":[{"name":"wp","href":"https:\/\/api.w.org\/{rel}","templated":true}]}}