{"id":136,"date":"2011-03-15T18:51:09","date_gmt":"2011-03-15T18:51:09","guid":{"rendered":"http:\/\/www.pferdepraxis-niemendal.de\/wordpress\/?page_id=136"},"modified":"2017-06-21T18:25:18","modified_gmt":"2017-06-21T18:25:18","slug":"innere-medizin-2","status":"publish","type":"page","link":"https:\/\/www.pferdepraxis-niemendal.de\/?page_id=136","title":{"rendered":"Innere Medizin"},"content":{"rendered":"<p>Die h\u00e4ufigste und wohl bekannteste Erkrankung innerer Organe ist die Kolik. Wenn ein Pferd die typischen Anzeichen einer Kolik zeigt (Unruhe, Schwitzen, Hinlegen, etc.), so ist dies immer ernst zu nehmen. Im Bereich der Notfallmedizin ist\u00a0die Pferdepraxis Dr. Niemendal\u00a0optimal ausger\u00fcstet und\u00a0verf\u00fcgt\u00a0\u00fcber langj\u00e4hrige Erfahrung. Zudem besteht durch die enge Zusammenarbeit mit verschiedenen Pferdekliniken jederzeit die M\u00f6glichkeit, das erkrankte Pferd zur Durchf\u00fchrung einer Kolik-Operation zu \u00fcberweisen.<\/p>\n<p>Andere innere Erkrankungen sind St\u00f6rungen von Leber, Niere, Herz, Atemwegen und Verdauungstrakt.\u00a0Zur Diagostik\u00a0nutzt die Pferdepraxis Niemendal\u00a0unter anderem\u00a0Methoden wie Ultraschall, Endoskopie, EKG,\u00a0Biopsie und Blut- und Harnuntersuchungen. Das Cushing Syndrom (PPID) ist die am h\u00e4ufigsten diagnostizierte endokrinologische Erkrankung.<\/p>\n<p>Selbstverst\u00e4ndlich geh\u00f6ren auch Diagnose und Therapie von Hauterkrankungen zum Leistungsspektrum der Pferdepraxis Dr. Niemendal.<\/p>\n","protected":false},"excerpt":{"rendered":"<p>Die h\u00e4ufigste und wohl bekannteste Erkrankung innerer Organe ist die Kolik. Wenn ein Pferd die typischen Anzeichen einer Kolik zeigt (Unruhe, Schwitzen, Hinlegen, etc.), so ist dies immer ernst zu nehmen. Im Bereich der Notfallmedizin ist\u00a0die Pferdepraxis Dr. Niemendal\u00a0optimal ausger\u00fcstet &hellip; <a href=\"https:\/\/www.pferdepraxis-niemendal.de\/?page_id=136\">Continue reading <span class=\"meta-nav\">&rarr;<\/span><\/a><\/p>\n","protected":false},"author":1,"featured_media":505,"parent":0,"menu_order":3,"comment_status":"closed","ping_status":"closed","template":"","meta":[],"_links":{"self":[{"href":"https:\/\/www.pferdepraxis-niemendal.de\/index.php?rest_route=\/wp\/v2\/pages\/136"}],"collection":[{"href":"https:\/\/www.pferdepraxis-niemendal.de\/index.php?rest_route=\/wp\/v2\/pages"}],"about":[{"href":"https:\/\/www.pferdepraxis-niemendal.de\/index.php?rest_route=\/wp\/v2\/types\/page"}],"author":[{"embeddable":true,"href":"https:\/\/www.pferdepraxis-niemendal.de\/index.php?rest_route=\/wp\/v2\/users\/1"}],"replies":[{"embeddable":true,"href":"https:\/\/www.pferdepraxis-niemendal.de\/index.php?rest_route=%2Fwp%2Fv2%2Fcomments&post=136"}],"version-history":[{"count":30,"href":"https:\/\/www.pferdepraxis-niemendal.de\/index.php?rest_route=\/wp\/v2\/pages\/136\/revisions"}],"predecessor-version":[{"id":681,"href":"https:\/\/www.pferdepraxis-niemendal.de\/index.php?rest_route=\/wp\/v2\/pages\/136\/revisions\/681"}],"wp:featuredmedia":[{"embeddable":true,"href":"https:\/\/www.pferdepraxis-niemendal.de\/index.php?rest_route=\/wp\/v2\/media\/505"}],"wp:attachment":[{"href":"https:\/\/www.pferdepraxis-niemendal.de\/index.php?rest_route=%2Fwp%2Fv2%2Fmedia&parent=136"}],"curies":[{"name":"wp","href":"https:\/\/api.w.org\/{rel}","templated":true}]}}