{"id":22,"date":"2011-02-24T00:02:10","date_gmt":"2011-02-24T00:02:10","guid":{"rendered":"http:\/\/www.pferdepraxis-niemendal.de\/wordpress\/?page_id=22"},"modified":"2026-01-11T14:38:49","modified_gmt":"2026-01-11T14:38:49","slug":"kooperationen","status":"publish","type":"page","link":"https:\/\/www.pferdepraxis-niemendal.de\/?page_id=22","title":{"rendered":"Praxisgebiet"},"content":{"rendered":"<p>Das Praxisgebiet umfasst die Region zwischen K\u00f6ln, Bonn, Koblenz und Aachen, sowie den n\u00f6rdlichen Teil der Eifel und somit Teile der Landkreise Ahrweiler, Euskirchen, Rhein-Erft, Rhein-Sieg und D\u00fcren, sowie K\u00f6ln und Bonn.<\/p>\n","protected":false},"excerpt":{"rendered":"<p>Das Praxisgebiet umfasst die Region zwischen K\u00f6ln, Bonn, Koblenz und Aachen, sowie den n\u00f6rdlichen Teil der Eifel und somit Teile der Landkreise Ahrweiler, Euskirchen, Rhein-Erft, Rhein-Sieg und D\u00fcren, sowie K\u00f6ln und Bonn.<\/p>\n","protected":false},"author":1,"featured_media":531,"parent":7,"menu_order":5,"comment_status":"open","ping_status":"open","template":"","meta":[],"_links":{"self":[{"href":"https:\/\/www.pferdepraxis-niemendal.de\/index.php?rest_route=\/wp\/v2\/pages\/22"}],"collection":[{"href":"https:\/\/www.pferdepraxis-niemendal.de\/index.php?rest_route=\/wp\/v2\/pages"}],"about":[{"href":"https:\/\/www.pferdepraxis-niemendal.de\/index.php?rest_route=\/wp\/v2\/types\/page"}],"author":[{"embeddable":true,"href":"https:\/\/www.pferdepraxis-niemendal.de\/index.php?rest_route=\/wp\/v2\/users\/1"}],"replies":[{"embeddable":true,"href":"https:\/\/www.pferdepraxis-niemendal.de\/index.php?rest_route=%2Fwp%2Fv2%2Fcomments&post=22"}],"version-history":[{"count":9,"href":"https:\/\/www.pferdepraxis-niemendal.de\/index.php?rest_route=\/wp\/v2\/pages\/22\/revisions"}],"predecessor-version":[{"id":1005,"href":"https:\/\/www.pferdepraxis-niemendal.de\/index.php?rest_route=\/wp\/v2\/pages\/22\/revisions\/1005"}],"up":[{"embeddable":true,"href":"https:\/\/www.pferdepraxis-niemendal.de\/index.php?rest_route=\/wp\/v2\/pages\/7"}],"wp:featuredmedia":[{"embeddable":true,"href":"https:\/\/www.pferdepraxis-niemendal.de\/index.php?rest_route=\/wp\/v2\/media\/531"}],"wp:attachment":[{"href":"https:\/\/www.pferdepraxis-niemendal.de\/index.php?rest_route=%2Fwp%2Fv2%2Fmedia&parent=22"}],"curies":[{"name":"wp","href":"https:\/\/api.w.org\/{rel}","templated":true}]}}