{"id":26,"date":"2011-02-24T00:04:31","date_gmt":"2011-02-24T00:04:31","guid":{"rendered":"http:\/\/www.pferdepraxis-niemendal.de\/wordpress\/?page_id=26"},"modified":"2017-06-21T17:04:56","modified_gmt":"2017-06-21T17:04:56","slug":"innere-medizin","status":"publish","type":"page","link":"https:\/\/www.pferdepraxis-niemendal.de\/?page_id=26","title":{"rendered":"Augenheilkunde"},"content":{"rendered":"<p>Pferde sind anf\u00e4llig f\u00fcr Probleme im Bereich der Augen. Dies liegt daran, dass das Pferdeauge nicht tief im Sch\u00e4delknochen liegt. Es ist Staub, Bakterien und Pilzen in seiner Umgebung relativ schutzlos ausgeliefert. Beispielsweise ist ein tr\u00e4nendes Auge h\u00e4ufig ein\u00a0Grund, tier\u00e4rztlichen Rat in Anspruch zu nehmen. Die Ursache\u00a0kann eine unkomplizierte Bindehautentz\u00fcndung sein. Manchmal ist es auch notwendig, den Tr\u00e4nen-Nasen-Kanal zu sp\u00fclen. Unbedingt mu\u00df immer abgekl\u00e4rt\u00a0werden,\u00a0ob eine Besch\u00e4digung der Hornhaut vorliegt. Hierzu wird das Auge mit einem speziellen Farbstoff eingef\u00e4rbt. Eine schnelle Diagnose und Therapie kann in solchen F\u00e4llen Dauersch\u00e4den vermeiden.<br \/>\nBei\u00a0der Versorgung von Augenverletzungen\u00a0setzt es sich\u00a0zum Ziel, Besch\u00e4digungen am Augapfel so zu therapieren, dass die Sehf\u00e4higkeit erhalten bleibt. Zudem sollen Verletzungen an den Augenlidern so behandelt werden, dass ein perfektes Aufeinanderschlie\u00dfen der beiden Lider einen optimalen Schutz der Hornhaut gew\u00e4hrleistet.<\/p>\n<p>Zur Beurteilung der tieferen Strukturen des Auges, zum Beispiel der Netzhaut, ist die Eingabe von Tropfen ins Auge erforderlich. Auch durch eine Ultraschalluntersuchung des Auges k\u00f6nnen tieferliegende Ver\u00e4nderungen gefunden werden. Die Augenuntersuchung erfolgt idealerweise in einer dunkler Umgebung.<\/p>\n","protected":false},"excerpt":{"rendered":"<p>Pferde sind anf\u00e4llig f\u00fcr Probleme im Bereich der Augen. Dies liegt daran, dass das Pferdeauge nicht tief im Sch\u00e4delknochen liegt. Es ist Staub, Bakterien und Pilzen in seiner Umgebung relativ schutzlos ausgeliefert. Beispielsweise ist ein tr\u00e4nendes Auge h\u00e4ufig ein\u00a0Grund, tier\u00e4rztlichen &hellip; <a href=\"https:\/\/www.pferdepraxis-niemendal.de\/?page_id=26\">Continue reading <span class=\"meta-nav\">&rarr;<\/span><\/a><\/p>\n","protected":false},"author":1,"featured_media":524,"parent":0,"menu_order":1,"comment_status":"open","ping_status":"open","template":"","meta":[],"_links":{"self":[{"href":"https:\/\/www.pferdepraxis-niemendal.de\/index.php?rest_route=\/wp\/v2\/pages\/26"}],"collection":[{"href":"https:\/\/www.pferdepraxis-niemendal.de\/index.php?rest_route=\/wp\/v2\/pages"}],"about":[{"href":"https:\/\/www.pferdepraxis-niemendal.de\/index.php?rest_route=\/wp\/v2\/types\/page"}],"author":[{"embeddable":true,"href":"https:\/\/www.pferdepraxis-niemendal.de\/index.php?rest_route=\/wp\/v2\/users\/1"}],"replies":[{"embeddable":true,"href":"https:\/\/www.pferdepraxis-niemendal.de\/index.php?rest_route=%2Fwp%2Fv2%2Fcomments&post=26"}],"version-history":[{"count":38,"href":"https:\/\/www.pferdepraxis-niemendal.de\/index.php?rest_route=\/wp\/v2\/pages\/26\/revisions"}],"predecessor-version":[{"id":667,"href":"https:\/\/www.pferdepraxis-niemendal.de\/index.php?rest_route=\/wp\/v2\/pages\/26\/revisions\/667"}],"wp:featuredmedia":[{"embeddable":true,"href":"https:\/\/www.pferdepraxis-niemendal.de\/index.php?rest_route=\/wp\/v2\/media\/524"}],"wp:attachment":[{"href":"https:\/\/www.pferdepraxis-niemendal.de\/index.php?rest_route=%2Fwp%2Fv2%2Fmedia&parent=26"}],"curies":[{"name":"wp","href":"https:\/\/api.w.org\/{rel}","templated":true}]}}