{"id":28,"date":"2011-02-24T00:04:48","date_gmt":"2011-02-24T00:04:48","guid":{"rendered":"http:\/\/www.pferdepraxis-niemendal.de\/wordpress\/?page_id=28"},"modified":"2021-11-19T14:21:58","modified_gmt":"2021-11-19T14:21:58","slug":"chirurgie","status":"publish","type":"page","link":"https:\/\/www.pferdepraxis-niemendal.de\/?page_id=28","title":{"rendered":"Chirurgie"},"content":{"rendered":"<p>Viele Verletzungsbehandlungen und operative Eingriffe sind dank moderner Technik vor Ort im Stall m\u00f6glich. Eine besondere Rolle spielt dabei die Narkose. Unterschieden wird zwischen der sogenannten Standnarkose, bei der das stehende Pferd unter Beruhigung und lokaler Bet\u00e4ubung behandelt wird, und der Vollnarkose, bei der das Pferd abgelegt wird und mittels Dauertropfinfusion versorgt wird. Vor jedem chirurgischen Eingriff wird das Pferd ausf\u00fchrlich untersucht und seine Narkosef\u00e4higkeit \u00fcberpr\u00fcft. Welche Eingriffe vor Ort durchgef\u00fchrt werden k\u00f6nnen und ob eine Vollnarkose notwendig ist, wird individuell besprochen. Die M\u00f6glichkeit Pferde station\u00e4r zu operieren steht uns seit dem November 2020 in der Klinik in Mayen zur Verf\u00fcgung.<\/p>\n","protected":false},"excerpt":{"rendered":"<p>Viele Verletzungsbehandlungen und operative Eingriffe sind dank moderner Technik vor Ort im Stall m\u00f6glich. Eine besondere Rolle spielt dabei die Narkose. Unterschieden wird zwischen der sogenannten Standnarkose, bei der das stehende Pferd unter Beruhigung und lokaler Bet\u00e4ubung behandelt wird, und &hellip; <a href=\"https:\/\/www.pferdepraxis-niemendal.de\/?page_id=28\">Continue reading <span class=\"meta-nav\">&rarr;<\/span><\/a><\/p>\n","protected":false},"author":1,"featured_media":529,"parent":0,"menu_order":1,"comment_status":"open","ping_status":"open","template":"","meta":[],"_links":{"self":[{"href":"https:\/\/www.pferdepraxis-niemendal.de\/index.php?rest_route=\/wp\/v2\/pages\/28"}],"collection":[{"href":"https:\/\/www.pferdepraxis-niemendal.de\/index.php?rest_route=\/wp\/v2\/pages"}],"about":[{"href":"https:\/\/www.pferdepraxis-niemendal.de\/index.php?rest_route=\/wp\/v2\/types\/page"}],"author":[{"embeddable":true,"href":"https:\/\/www.pferdepraxis-niemendal.de\/index.php?rest_route=\/wp\/v2\/users\/1"}],"replies":[{"embeddable":true,"href":"https:\/\/www.pferdepraxis-niemendal.de\/index.php?rest_route=%2Fwp%2Fv2%2Fcomments&post=28"}],"version-history":[{"count":16,"href":"https:\/\/www.pferdepraxis-niemendal.de\/index.php?rest_route=\/wp\/v2\/pages\/28\/revisions"}],"predecessor-version":[{"id":826,"href":"https:\/\/www.pferdepraxis-niemendal.de\/index.php?rest_route=\/wp\/v2\/pages\/28\/revisions\/826"}],"wp:featuredmedia":[{"embeddable":true,"href":"https:\/\/www.pferdepraxis-niemendal.de\/index.php?rest_route=\/wp\/v2\/media\/529"}],"wp:attachment":[{"href":"https:\/\/www.pferdepraxis-niemendal.de\/index.php?rest_route=%2Fwp%2Fv2%2Fmedia&parent=28"}],"curies":[{"name":"wp","href":"https:\/\/api.w.org\/{rel}","templated":true}]}}