{"id":30,"date":"2011-02-24T00:05:05","date_gmt":"2011-02-24T00:05:05","guid":{"rendered":"http:\/\/www.pferdepraxis-niemendal.de\/wordpress\/?page_id=30"},"modified":"2012-12-16T16:38:59","modified_gmt":"2012-12-16T16:38:59","slug":"stute-und-fohlen","status":"publish","type":"page","link":"https:\/\/www.pferdepraxis-niemendal.de\/?page_id=30","title":{"rendered":"Zahnheilkunde"},"content":{"rendered":"<p>Probleme mit den Z\u00e4hnen treten beim Pferd h\u00e4ufig in Form von scharfen Kanten, Spitzen oder auch Stufen auf. Dadurch wird das Pferd zum einen bei der Arbeit und zum anderen beim Kauen gest\u00f6rt. Die zahnbedingten\u00a0Rittigkeitsprobleme sind meist fr\u00fcher zu erkennen als die Schwierigkeiten beim Fressen. Zun\u00e4chst fallen Verhaltensweisen auf wie das Kopfsch\u00fctteln beim Reiten oder Abwehrbewegungen beim Auftrensen. Als weiteres Symptom sind dann oftmals das \u201eWickelkauen\u201c oder eine verz\u00f6gerte Futteraufnahme zu beobachten. Ziel der Zahnbehandlung ist, f\u00fcr das Pferd Zufriedenheit und Schmerzfreiheit beim Kauen und bei der Arbeit wieder herzustellen.<\/p>\n<p>Durch regelm\u00e4\u00dfige Kontrolle lassen sich viele Fehlentwicklungen in der Maulh\u00f6hle fr\u00fchzeitig erkennen und k\u00f6nnen behandelt werden. Der Zahnwechsel beim Pferd beginnt mit ca. eineinhalb Jahren und dauert bis zum Lebensalter von f\u00fcnf Jahren. In diesem Zeitraum werden halbj\u00e4hrliche Kontrollen empfohlen. Sofern es keine Beschwerden gibt, gen\u00fcgen danach j\u00e4hrliche Kontrollen. Bei \u00e4lteren Pferden (\u00fcber 20 Jahre) sind wieder k\u00fcrzere Intervalle notwendig.<\/p>\n<p>Die Kontrolluntersuchung des Gebisses kann meist ohne Verabreichung von Beruhigungsmitteln durchgef\u00fchrt werden. Sofern jedoch eine umfangreichere Zahnbehandlung erfolgen muss, ist die Ruhigstellung des Pferdes durch eine leichte Sedierung empfehlenswert. Dies vermeidet unn\u00f6tigen Stress f\u00fcr das Pferd.<\/p>\n<p>F\u00fcr eine Zahnbehandlung sollte das Pferd unbedingt \u00fcber einen Tetanusimpfschutz verf\u00fcgen.<\/p>\n<p>F\u00fcr die Behandlung von sehr kleinen Ponyrassen sowie alten Pferden verf\u00fcgt die Pferdepraxis Dr. Niemendal \u00fcber spezielle, passgenaue Maulgatter.<\/p>\n","protected":false},"excerpt":{"rendered":"<p>Probleme mit den Z\u00e4hnen treten beim Pferd h\u00e4ufig in Form von scharfen Kanten, Spitzen oder auch Stufen auf. Dadurch wird das Pferd zum einen bei der Arbeit und zum anderen beim Kauen gest\u00f6rt. Die zahnbedingten\u00a0Rittigkeitsprobleme sind meist fr\u00fcher zu erkennen &hellip; <a href=\"https:\/\/www.pferdepraxis-niemendal.de\/?page_id=30\">Continue reading <span class=\"meta-nav\">&rarr;<\/span><\/a><\/p>\n","protected":false},"author":1,"featured_media":520,"parent":0,"menu_order":5,"comment_status":"open","ping_status":"open","template":"","meta":[],"_links":{"self":[{"href":"https:\/\/www.pferdepraxis-niemendal.de\/index.php?rest_route=\/wp\/v2\/pages\/30"}],"collection":[{"href":"https:\/\/www.pferdepraxis-niemendal.de\/index.php?rest_route=\/wp\/v2\/pages"}],"about":[{"href":"https:\/\/www.pferdepraxis-niemendal.de\/index.php?rest_route=\/wp\/v2\/types\/page"}],"author":[{"embeddable":true,"href":"https:\/\/www.pferdepraxis-niemendal.de\/index.php?rest_route=\/wp\/v2\/users\/1"}],"replies":[{"embeddable":true,"href":"https:\/\/www.pferdepraxis-niemendal.de\/index.php?rest_route=%2Fwp%2Fv2%2Fcomments&post=30"}],"version-history":[{"count":13,"href":"https:\/\/www.pferdepraxis-niemendal.de\/index.php?rest_route=\/wp\/v2\/pages\/30\/revisions"}],"predecessor-version":[{"id":521,"href":"https:\/\/www.pferdepraxis-niemendal.de\/index.php?rest_route=\/wp\/v2\/pages\/30\/revisions\/521"}],"wp:featuredmedia":[{"embeddable":true,"href":"https:\/\/www.pferdepraxis-niemendal.de\/index.php?rest_route=\/wp\/v2\/media\/520"}],"wp:attachment":[{"href":"https:\/\/www.pferdepraxis-niemendal.de\/index.php?rest_route=%2Fwp%2Fv2%2Fmedia&parent=30"}],"curies":[{"name":"wp","href":"https:\/\/api.w.org\/{rel}","templated":true}]}}