{"id":43,"date":"2011-02-24T00:07:29","date_gmt":"2011-02-24T00:07:29","guid":{"rendered":"http:\/\/www.pferdepraxis-niemendal.de\/wordpress\/?page_id=43"},"modified":"2017-06-21T17:46:21","modified_gmt":"2017-06-21T17:46:21","slug":"stute-und-fohlen-2","status":"publish","type":"page","link":"https:\/\/www.pferdepraxis-niemendal.de\/?page_id=43","title":{"rendered":"Zuchtbetreuung"},"content":{"rendered":"<p>Die Besamung einer jungen, gesunden Stute mit gut beweglichem Samen f\u00fchrt im Normalfall zum Erfolg,\u00a0d.h.\u00a0zur Tr\u00e4chtigkeit.<\/p>\n<p>Wenn jedoch dieser ideale Ablauf nicht gegeben ist, muss die Samen\u00fcbertragung tier\u00e4rztlich intensiver\u00a0begleitet werden. Neben dem Routinemanagement von Stuten in der Besamung verf\u00fcgen wir\u00a0\u00fcber langj\u00e4hrige Erfahrung auf dem Gebiet der Diagnostik und Therapie von sogenannten Problemstuten. Dies sind solche Tiere, die trotz mehrfacher Besamung mit gutem Samen nicht tragend werden.\u00a0Dabei\u00a0kann eine rechtzeitige Diagnose viele Entt\u00e4uschungen und auch Kosten ersparen. Nur mit\u00a0einer genauen Diagnose ist eine genaue Behandlung m\u00f6glich. Erst dann kann die Chance, ein Fohlen zu bekommen, \u00fcberhaupt eingesch\u00e4tzt werden. Sinnvolle weiterf\u00fchrende Untersuchungen sind die zytologische und bakteriologische Untersuchung eines Geb\u00e4rmutterabstriches (Tupferprobe)\u00a0und die histopathologische Untersuchung einer Geb\u00e4rmuttergewebeprobe (Biopsie).<\/p>\n<p>Weitere T\u00e4tigkeitsbereiche der Pferdepraxis Dr. Niemendal sind die\u00a0endokopische Besamung, die Geb\u00e4rmutterspiegelung, die Therapie von Zysten und die chirurgische Korrektur eines mangelenden Schamschlusses.<\/p>\n<p>\u00dcber die\u00a0Warmblutzucht\u00a0hinaus verf\u00fcgt Dr.\u00a0Niemendal auch \u00fcber umfangreiche Erfahrung\u00a0in der\u00a0Zuchtbegleitung von Arabern, Isl\u00e4ndern, Friesen und Quarter Horses. Daher flie\u00dfen Kenntnisse \u00fcber rassespezifische Eigenheiten in die Arbeit mit ein.<\/p>\n<p>Die Geburt beim Pferd findet meist schnell und ohne Komplikationen statt. Trotzdem sollte dieser Vorgang unbedingt &#8211; aus sicherer Entfernung \u00a0&#8211; beobachtet werden. Wenn Probleme auftreten, ist die Situation durch die heftigen Presswehen der Stute sofort sehr ernst.\u00a0Dann muss tier\u00e4rztliche Geburtshilfe erfolgen, um Folgesch\u00e4den f\u00fcr Stute und Fohlen so gering wie m\u00f6glich zu halten.<\/p>\n<p>Nach der Geburt des Fohlens bietet sich ein Checkup von Stute und Fohlen an. Die Nachgeburt sollte innerhalb der ersten drei Stunden komplett abkommen. Wichtig f\u00fcr einen optimalen Start ins Leben ist die Aufnahme einer ausreichenden Menge Biestmilch von guter Qualit\u00e4t am ersten Lebenstag. Ob dies erfolgt ist,\u00a0kann in der\u00a0Pferdepraxis Dr. Niemendal\u00a0durch einen einfachen Bluttest 12 bis 24 Stunden nach der Geburt im Stall\u00a0\u00fcberpr\u00fcft werden.<\/p>\n<p>In den ersten Lebensmonaten des Fohlens ist auf einen korrekten Stand der Gliedma\u00dfen zu achten,\u00a0 so dass durch rechtzeitiges tier\u00e4rztliches\u00a0Eingreifen Fehlstellungen verhindert werden k\u00f6nnen.<\/p>\n","protected":false},"excerpt":{"rendered":"<p>Die Besamung einer jungen, gesunden Stute mit gut beweglichem Samen f\u00fchrt im Normalfall zum Erfolg,\u00a0d.h.\u00a0zur Tr\u00e4chtigkeit. Wenn jedoch dieser ideale Ablauf nicht gegeben ist, muss die Samen\u00fcbertragung tier\u00e4rztlich intensiver\u00a0begleitet werden. Neben dem Routinemanagement von Stuten in der Besamung verf\u00fcgen wir\u00a0\u00fcber &hellip; <a href=\"https:\/\/www.pferdepraxis-niemendal.de\/?page_id=43\">Continue reading <span class=\"meta-nav\">&rarr;<\/span><\/a><\/p>\n","protected":false},"author":1,"featured_media":508,"parent":0,"menu_order":6,"comment_status":"open","ping_status":"open","template":"","meta":[],"_links":{"self":[{"href":"https:\/\/www.pferdepraxis-niemendal.de\/index.php?rest_route=\/wp\/v2\/pages\/43"}],"collection":[{"href":"https:\/\/www.pferdepraxis-niemendal.de\/index.php?rest_route=\/wp\/v2\/pages"}],"about":[{"href":"https:\/\/www.pferdepraxis-niemendal.de\/index.php?rest_route=\/wp\/v2\/types\/page"}],"author":[{"embeddable":true,"href":"https:\/\/www.pferdepraxis-niemendal.de\/index.php?rest_route=\/wp\/v2\/users\/1"}],"replies":[{"embeddable":true,"href":"https:\/\/www.pferdepraxis-niemendal.de\/index.php?rest_route=%2Fwp%2Fv2%2Fcomments&post=43"}],"version-history":[{"count":30,"href":"https:\/\/www.pferdepraxis-niemendal.de\/index.php?rest_route=\/wp\/v2\/pages\/43\/revisions"}],"predecessor-version":[{"id":672,"href":"https:\/\/www.pferdepraxis-niemendal.de\/index.php?rest_route=\/wp\/v2\/pages\/43\/revisions\/672"}],"wp:featuredmedia":[{"embeddable":true,"href":"https:\/\/www.pferdepraxis-niemendal.de\/index.php?rest_route=\/wp\/v2\/media\/508"}],"wp:attachment":[{"href":"https:\/\/www.pferdepraxis-niemendal.de\/index.php?rest_route=%2Fwp%2Fv2%2Fmedia&parent=43"}],"curies":[{"name":"wp","href":"https:\/\/api.w.org\/{rel}","templated":true}]}}