{"id":748,"date":"2018-12-18T21:06:44","date_gmt":"2018-12-18T21:06:44","guid":{"rendered":"https:\/\/www.pferdepraxis-niemendal.de\/?page_id=748"},"modified":"2026-01-11T15:31:43","modified_gmt":"2026-01-11T15:31:43","slug":"olga-kryczenkowa","status":"publish","type":"page","link":"https:\/\/www.pferdepraxis-niemendal.de\/?page_id=748","title":{"rendered":"Olga Kryczenkowa"},"content":{"rendered":"\n<p>Pferde stehen bei Olga Kryczenkowa seit langem im Mittelpunkt ihres Lebens. Bereits im Kindesalter begann die Begeisterung f\u00fcr Pferde und Vielseitigkeits-Sport. Ihr Studium der Tiermedizin begann Olga 2007 an der Veterin\u00e4rmedizinischen Universit\u00e4t in Breslau. W\u00e4hrend des Studiums sammelte sie bereits zahlreiche praktische Erfahrungen in internationalen Kliniken (z.B Pferdeklinik TiHo Hannover, Pferdeklinik an der Veterin\u00e4rmedizinischen Universit\u00e4t Wien, Equitait Veterinary Practice Schottland). Das Studium schloss sie mit einem Austausch Forschungsprogramm in der Pferdeklinik der Veterin\u00e4rmedizinischen Universit\u00e4t Wien ab. Nach dem Studium folgte der Berufseinstieg als Assistenz-Tier\u00e4rztin bei den polnischen Mannschaftstier\u00e4rzten Julia und Michal Kornaszewscy und sp\u00e4ter als Tier\u00e4rztin an der Besamungs- und Embryotransfer Station der Pferdeklinik Sandholaferja in Island. Anschlie\u00dfend wurde sie als Tier\u00e4rztin in der Pferdeklinik Burg M\u00fcggenhausen f\u00fcr ein Internship-Programm eingestellt. W\u00e4hrend dieser Zeit rotierte sie durch alle Abteilungen der Pferdemedizin. Nach Abschluss des Internships begann sie ihre Arbeit als pers\u00f6nliche Orthop\u00e4dieassistentin von Frau Dr. Gather. Seit September 2018 geh\u00f6rt Olga Kryczenkowa zum Team der Pferdepraxis Niemendal.<\/p>\n","protected":false},"excerpt":{"rendered":"<p>Pferde stehen bei Olga Kryczenkowa seit langem im Mittelpunkt ihres Lebens. Bereits im Kindesalter begann die Begeisterung f\u00fcr Pferde und Vielseitigkeits-Sport. Ihr Studium der Tiermedizin begann Olga 2007 an der Veterin\u00e4rmedizinischen Universit\u00e4t in Breslau. W\u00e4hrend des Studiums sammelte sie bereits &hellip; <a href=\"https:\/\/www.pferdepraxis-niemendal.de\/?page_id=748\">Continue reading <span class=\"meta-nav\">&rarr;<\/span><\/a><\/p>\n","protected":false},"author":1,"featured_media":964,"parent":554,"menu_order":0,"comment_status":"closed","ping_status":"closed","template":"","meta":[],"_links":{"self":[{"href":"https:\/\/www.pferdepraxis-niemendal.de\/index.php?rest_route=\/wp\/v2\/pages\/748"}],"collection":[{"href":"https:\/\/www.pferdepraxis-niemendal.de\/index.php?rest_route=\/wp\/v2\/pages"}],"about":[{"href":"https:\/\/www.pferdepraxis-niemendal.de\/index.php?rest_route=\/wp\/v2\/types\/page"}],"author":[{"embeddable":true,"href":"https:\/\/www.pferdepraxis-niemendal.de\/index.php?rest_route=\/wp\/v2\/users\/1"}],"replies":[{"embeddable":true,"href":"https:\/\/www.pferdepraxis-niemendal.de\/index.php?rest_route=%2Fwp%2Fv2%2Fcomments&post=748"}],"version-history":[{"count":3,"href":"https:\/\/www.pferdepraxis-niemendal.de\/index.php?rest_route=\/wp\/v2\/pages\/748\/revisions"}],"predecessor-version":[{"id":751,"href":"https:\/\/www.pferdepraxis-niemendal.de\/index.php?rest_route=\/wp\/v2\/pages\/748\/revisions\/751"}],"up":[{"embeddable":true,"href":"https:\/\/www.pferdepraxis-niemendal.de\/index.php?rest_route=\/wp\/v2\/pages\/554"}],"wp:featuredmedia":[{"embeddable":true,"href":"https:\/\/www.pferdepraxis-niemendal.de\/index.php?rest_route=\/wp\/v2\/media\/964"}],"wp:attachment":[{"href":"https:\/\/www.pferdepraxis-niemendal.de\/index.php?rest_route=%2Fwp%2Fv2%2Fmedia&parent=748"}],"curies":[{"name":"wp","href":"https:\/\/api.w.org\/{rel}","templated":true}]}}