{"id":90,"date":"2011-02-28T11:12:13","date_gmt":"2011-02-28T11:12:13","guid":{"rendered":"http:\/\/www.pferdepraxis-niemendal.de\/wordpress\/?page_id=90"},"modified":"2026-04-15T12:50:36","modified_gmt":"2026-04-15T12:50:36","slug":"willkommen-auf-der-internetprasenz-der-pferdepraxis-niemendal","status":"publish","type":"page","link":"https:\/\/www.pferdepraxis-niemendal.de\/","title":{"rendered":"Herzlich Willkommen!"},"content":{"rendered":"<p>Die Pferdepraxis Dr. med. vet. Rutmer Niemendal ist eine mobile Fahrpraxis f\u00fcr Pferdemedizin mit modernster Ausstattung. Auf den folgenden Seiten m\u00f6chten wir Ihnen einen \u00dcberblick \u00fcber unser Leistungsangebot geben. Zudem erfahren Sie Wissenswertes und Aktuelles\u00a0zum Thema Pferdemedizin.<\/p>\n<p>Die T\u00e4tigkeitschwerpunkte der Praxis sind:<\/p>\n<ul>\n<li><a title=\"Augenheilkunde\" href=\"https:\/\/www.pferdepraxis-niemendal.de\/?page_id=26\">Augenheilkunde <\/a><\/li>\n<li><a title=\"Chirurgie\" href=\"https:\/\/www.pferdepraxis-niemendal.de\/?page_id=28\">Chirurgie<\/a><\/li>\n<li><a title=\"Kolikbehandlung\/Innere Medizin\" href=\"https:\/\/www.pferdepraxis-niemendal.de\/?page_id=136\">Innere Medizin<\/a><\/li>\n<li><a title=\"Orthop\u00e4die\" href=\"https:\/\/www.pferdepraxis-niemendal.de\/?page_id=5\">Orthop\u00e4die (Lahmheitsuntersuchungen)<\/a><\/li>\n<li><a title=\"Prophylaxe\" href=\"https:\/\/www.pferdepraxis-niemendal.de\/?page_id=41\">Prophylaxe (Schutzimpfungen und Vorsorgeuntersuchungen)<\/a><\/li>\n<li><a title=\"Sportpferdebetreuung\" href=\"https:\/\/www.pferdepraxis-niemendal.de\/?page_id=35\">Sportpferdebetreuung<\/a><\/li>\n<li><a title=\"Zahnheilkunde\" href=\"https:\/\/www.pferdepraxis-niemendal.de\/?page_id=30\">Zahnheilkunde<\/a><\/li>\n<li><a title=\"Zuchtbetreuung\" href=\"https:\/\/www.pferdepraxis-niemendal.de\/?page_id=43\">Zuchtbetreuung (Gyn\u00e4kologie, Andrologie und Fohlenmedizin)<\/a><\/li>\n<\/ul>\n<p><strong>Aktuelles:<\/strong><\/p>\n<p><strong>Unsere neuen Kontaktdaten:<\/strong><\/p>\n<div dir=\"auto\">Pferdepraxis Niemendal<\/div>\n<div dir=\"auto\">Nebenstelle der Pferdeklinik am Kottenforst GmbH<\/div>\n<div dir=\"auto\">Beckers Kreuz 25<\/div>\n<div dir=\"auto\">53343 Wachtberg<\/div>\n<div dir=\"auto\">Tel. 0228-280 370 70<\/div>\n<div dir=\"auto\">Praxis Handy: 0151-59936429<\/div>\n<div dir=\"auto\">info@pferdepraxis-niemendal.de<\/div>\n<div dir=\"auto\"><\/div>\n<div dir=\"auto\"><\/div>\n<div dir=\"auto\"><\/div>\n<div class=\"xdj266r x14z9mp xat24cr x1lziwak x1vvkbs x126k92a\">\n<div dir=\"auto\">Der Jahreswechsel schl\u00e4gt eine Br\u00fccke zwischen Dankbarkeit f\u00fcr das Vergangene und der Vorfreude auf das, was vor uns liegt.<\/div>\n<div dir=\"auto\"><\/div>\n<\/div>\n<div class=\"x14z9mp xat24cr x1lziwak x1vvkbs xtlvy1s x126k92a\">\n<div dir=\"auto\">Daher freuen wir uns Euch mitteilen zu k\u00f6nnen, dass die Fahrpraxis Dr. Niemendal seit dem 01.01.2026 unter dem Dach der Pferdeklinik am Kottenforst angesiedelt ist. Wir bleiben jedoch eine eigenst\u00e4ndige Praxis. treten unter eigenem Namen auf und bleiben f\u00fcr Euch wie gewohnt Eure vertrauten Ansprechpartner. Ebenfalls befindet sich nun unser B\u00fcro in den R\u00e4umlichkeiten der Pferdeklinik. Von dort aus sind wir weiterhin mobil f\u00fcr Euch und Eure Pferde im Einsatz.<\/div>\n<\/div>\n<div class=\"x14z9mp xat24cr x1lziwak x1vvkbs xtlvy1s x126k92a\">\n<div dir=\"auto\">Ein besonderer Dank gilt Carsten Rhode und seinem Team f\u00fcr den herzlichen Empfang in Wachtberg. Gleichzeitig m\u00f6chten wir uns aber auch bei den Kolleginnen und Kollegen der Tierklinik Schneichel f\u00fcr die gute Zusammenarbeit in den vergangenen Jahren bedanken.<\/div>\n<div dir=\"auto\"><\/div>\n<\/div>\n<div class=\"x14z9mp xat24cr x1lziwak x1vvkbs xtlvy1s x126k92a\">\n<div dir=\"auto\">Mit dem Beginn des neuen Jahres &#8211; im Zeichen des Feuerpferdes &#8211; startet f\u00fcr unser Team eine spannende neue Phase und wir freuen uns darauf, diesen Abschnitt gemeinsam mit Euch zu begehen.<\/div>\n<\/div>\n<div class=\"x14z9mp xat24cr x1lziwak x1vvkbs xtlvy1s x126k92a\">\n<div dir=\"auto\"><\/div>\n<div dir=\"auto\"><strong>Was sich nicht \u00e4ndert:<\/strong><\/div>\n<\/div>\n<div class=\"x14z9mp xat24cr x1lziwak x1vvkbs xtlvy1s x126k92a\">\n<div dir=\"auto\">Wir sind und bleiben mit pers\u00f6nlichem Einsatz, fachlicher Sorgfalt und ganzem Herzen f\u00fcr Euch und Eure Vierbeiner da.<\/div>\n<div dir=\"auto\"><\/div>\n<\/div>\n<p class=\"font17\">\n<p><em>Zum 14. Februar 2020 ist die Neufassung der <strong>Geb\u00fchrenordnung f\u00fcr Tier\u00e4rzte<\/strong> (GOT) in Kraft getreten. Diese soll dazu beitragen, dass es in Zukunft m\u00f6glich bleibt, f\u00fcr Sie und Ihre Pferde auch bei Notf\u00e4llen in der Nacht und am Wochenende zur Verf\u00fcgung zu stehen. Die hohen Kosten im Notdienst konnten im bisherigen GOT-Rahmen nicht erwirtschaftet werden und waren daher nicht kostendeckend. Die gesetzliche Geb\u00fchrenordnung sorgt f\u00fcr Transparenz und sch\u00fctzt den Tierhalter vor \u00dcbervorteilung. Ein Wettbewerb zwischen den Tier\u00e4rzten soll vorwiegend \u00fcber die Leistung und weniger \u00fcber den Preis stattfinden. Eine angemessene gesetzliche Verg\u00fctung stellt sicher, dass Tier\u00e4rzte dem Qualit\u00e4tsanspruch der Tierhalter durch Fortbildung und Investitionen nachkommen k\u00f6nnen und sichert die wirtschaftliche Grundlage f\u00fcr den ordnungsgem\u00e4\u00dfen Betrieb einer tier\u00e4rztlichen Praxis. Dies ist Voraussetzung f\u00fcr tier\u00e4rztliche Leistungen in der erforderliche Sorgfalt.<\/em><em>(Dieser Text wurde gr\u00f6\u00dftenteils aus dem Informationsblatt f\u00fcr Patientenbesitzer der Bundestier\u00e4rztekammer \u00fcbernommen.)<\/em><\/p>\n<p>.<\/p>\n","protected":false},"excerpt":{"rendered":"<p>Die Pferdepraxis Dr. med. vet. Rutmer Niemendal ist eine mobile Fahrpraxis f\u00fcr Pferdemedizin mit modernster Ausstattung. Auf den folgenden Seiten m\u00f6chten wir Ihnen einen \u00dcberblick \u00fcber unser Leistungsangebot geben. Zudem erfahren Sie Wissenswertes und Aktuelles\u00a0zum Thema Pferdemedizin. Die T\u00e4tigkeitschwerpunkte der &hellip; <a href=\"https:\/\/www.pferdepraxis-niemendal.de\/\">Continue reading <span class=\"meta-nav\">&rarr;<\/span><\/a><\/p>\n","protected":false},"author":1,"featured_media":508,"parent":0,"menu_order":100,"comment_status":"closed","ping_status":"closed","template":"","meta":[],"_links":{"self":[{"href":"https:\/\/www.pferdepraxis-niemendal.de\/index.php?rest_route=\/wp\/v2\/pages\/90"}],"collection":[{"href":"https:\/\/www.pferdepraxis-niemendal.de\/index.php?rest_route=\/wp\/v2\/pages"}],"about":[{"href":"https:\/\/www.pferdepraxis-niemendal.de\/index.php?rest_route=\/wp\/v2\/types\/page"}],"author":[{"embeddable":true,"href":"https:\/\/www.pferdepraxis-niemendal.de\/index.php?rest_route=\/wp\/v2\/users\/1"}],"replies":[{"embeddable":true,"href":"https:\/\/www.pferdepraxis-niemendal.de\/index.php?rest_route=%2Fwp%2Fv2%2Fcomments&post=90"}],"version-history":[{"count":108,"href":"https:\/\/www.pferdepraxis-niemendal.de\/index.php?rest_route=\/wp\/v2\/pages\/90\/revisions"}],"predecessor-version":[{"id":1036,"href":"https:\/\/www.pferdepraxis-niemendal.de\/index.php?rest_route=\/wp\/v2\/pages\/90\/revisions\/1036"}],"wp:featuredmedia":[{"embeddable":true,"href":"https:\/\/www.pferdepraxis-niemendal.de\/index.php?rest_route=\/wp\/v2\/media\/508"}],"wp:attachment":[{"href":"https:\/\/www.pferdepraxis-niemendal.de\/index.php?rest_route=%2Fwp%2Fv2%2Fmedia&parent=90"}],"curies":[{"name":"wp","href":"https:\/\/api.w.org\/{rel}","templated":true}]}}