{"id":911,"date":"2023-02-02T10:39:49","date_gmt":"2023-02-02T10:39:49","guid":{"rendered":"https:\/\/www.pferdepraxis-niemendal.de\/?page_id=911"},"modified":"2024-06-19T09:41:01","modified_gmt":"2024-06-19T09:41:01","slug":"sandra-doetsch","status":"publish","type":"page","link":"https:\/\/www.pferdepraxis-niemendal.de\/?page_id=911","title":{"rendered":"Sandra Nohner"},"content":{"rendered":"\n<p>Frau Nohner ist seit dem 15.10.2021 bei uns in der Praxis t\u00e4tig. Sie ist f\u00fcr die Terminvergabe zust\u00e4ndig, verwaltet unsere hauseigene Apotheke und unterst\u00fctzt die Kollegen bei den Laborarbeiten und vor Ort bei den Patienten. F\u00fcr die Sorgen und W\u00fcnsche unserer Patientenbesitzer hat sie stets ein offenes Ohr. Neben ihrer T\u00e4tigkeit in unserer Praxis ist sie als selbst\u00e4ndige Pferdephysiotherapeutin unterwegs.<\/p>\n\n\n\n<p><\/p>\n\n\n\n<p><strong>2020-2022<\/strong><\/p>\n\n\n\n<ul>\n<li>Ausbildung zur Pferdephysiotherapeutin im Dipo D\u00fclmen<\/li>\n<\/ul>\n\n\n\n<p><strong>Aus \u2013 und Weiterbildung<\/strong><\/p>\n\n\n\n<ul>\n<li>Akupressur<\/li>\n\n\n\n<li>Stresspunktmassage<\/li>\n\n\n\n<li>Physikalische Therapie<\/li>\n\n\n\n<li>Neurologie<\/li>\n\n\n\n<li>Leistungsdiagnostik und Trainingslehre<\/li>\n\n\n\n<li>Erste Hilfe<\/li>\n\n\n\n<li>F\u00fctterung und Haltung<\/li>\n\n\n\n<li>Blutegeltherapie<\/li>\n\n\n\n<li>Schr\u00f6pmassage<\/li>\n\n\n\n<li>Dry Needling<\/li>\n\n\n\n<li>Kinesiotaping<\/li>\n\n\n\n<li>Neurofasziale Regulationstherapie<\/li>\n\n\n\n<li>Viszerale Osteopathie<\/li>\n\n\n\n<li>Neuroosteopathie<\/li>\n<\/ul>\n\n\n\n<p><\/p>\n","protected":false},"excerpt":{"rendered":"<p>Frau Nohner ist seit dem 15.10.2021 bei uns in der Praxis t\u00e4tig. Sie ist f\u00fcr die Terminvergabe zust\u00e4ndig, verwaltet unsere hauseigene Apotheke und unterst\u00fctzt die Kollegen bei den Laborarbeiten und vor Ort bei den Patienten. F\u00fcr die Sorgen und W\u00fcnsche &hellip; <a href=\"https:\/\/www.pferdepraxis-niemendal.de\/?page_id=911\">Continue reading <span class=\"meta-nav\">&rarr;<\/span><\/a><\/p>\n","protected":false},"author":1,"featured_media":948,"parent":554,"menu_order":0,"comment_status":"closed","ping_status":"closed","template":"","meta":[],"_links":{"self":[{"href":"https:\/\/www.pferdepraxis-niemendal.de\/index.php?rest_route=\/wp\/v2\/pages\/911"}],"collection":[{"href":"https:\/\/www.pferdepraxis-niemendal.de\/index.php?rest_route=\/wp\/v2\/pages"}],"about":[{"href":"https:\/\/www.pferdepraxis-niemendal.de\/index.php?rest_route=\/wp\/v2\/types\/page"}],"author":[{"embeddable":true,"href":"https:\/\/www.pferdepraxis-niemendal.de\/index.php?rest_route=\/wp\/v2\/users\/1"}],"replies":[{"embeddable":true,"href":"https:\/\/www.pferdepraxis-niemendal.de\/index.php?rest_route=%2Fwp%2Fv2%2Fcomments&post=911"}],"version-history":[{"count":5,"href":"https:\/\/www.pferdepraxis-niemendal.de\/index.php?rest_route=\/wp\/v2\/pages\/911\/revisions"}],"predecessor-version":[{"id":982,"href":"https:\/\/www.pferdepraxis-niemendal.de\/index.php?rest_route=\/wp\/v2\/pages\/911\/revisions\/982"}],"up":[{"embeddable":true,"href":"https:\/\/www.pferdepraxis-niemendal.de\/index.php?rest_route=\/wp\/v2\/pages\/554"}],"wp:featuredmedia":[{"embeddable":true,"href":"https:\/\/www.pferdepraxis-niemendal.de\/index.php?rest_route=\/wp\/v2\/media\/948"}],"wp:attachment":[{"href":"https:\/\/www.pferdepraxis-niemendal.de\/index.php?rest_route=%2Fwp%2Fv2%2Fmedia&parent=911"}],"curies":[{"name":"wp","href":"https:\/\/api.w.org\/{rel}","templated":true}]}}